{"id":1242,"date":"2022-01-19T13:56:17","date_gmt":"2022-01-19T11:56:17","guid":{"rendered":"https:\/\/barreacolleciglio.it\/privacy-policy\/"},"modified":"2022-01-19T13:59:19","modified_gmt":"2022-01-19T11:59:19","slug":"privacy-policy","status":"publish","type":"page","link":"https:\/\/barreacolleciglio.it\/en\/privacy-policy\/","title":{"rendered":"Privacy Policy"},"content":{"rendered":"\n<style type=\"text\/css\" data-created_by=\"avia_inline_auto\" id=\"style-css-av-kylhoaf4-dc9f82ce839dfc6a722ba32af161632e\">\n#top .av-special-heading.av-kylhoaf4-dc9f82ce839dfc6a722ba32af161632e{\npadding-bottom:20px;\nfont-size:40px;\n}\nbody .av-special-heading.av-kylhoaf4-dc9f82ce839dfc6a722ba32af161632e .av-special-heading-tag .heading-char{\nfont-size:25px;\n}\n#top #wrap_all .av-special-heading.av-kylhoaf4-dc9f82ce839dfc6a722ba32af161632e .av-special-heading-tag{\nfont-size:40px;\n}\n.av-special-heading.av-kylhoaf4-dc9f82ce839dfc6a722ba32af161632e .av-subheading{\nfont-size:15px;\n}\n\n@media only screen and (min-width: 480px) and (max-width: 767px){ \n#top #wrap_all .av-special-heading.av-kylhoaf4-dc9f82ce839dfc6a722ba32af161632e .av-special-heading-tag{\nfont-size:0.8em;\n}\n}\n\n@media only screen and (max-width: 479px){ \n#top #wrap_all .av-special-heading.av-kylhoaf4-dc9f82ce839dfc6a722ba32af161632e .av-special-heading-tag{\nfont-size:0.8em;\n}\n}\n<\/style>\n<div  class='av-special-heading av-kylhoaf4-dc9f82ce839dfc6a722ba32af161632e av-special-heading-h1 blockquote modern-quote modern-centered  avia-builder-el-0  el_before_av_textblock  avia-builder-el-first  av-inherit-size'><h1 class='av-special-heading-tag '  itemprop=\"headline\"  >Privacy policy<\/h1><div class=\"special-heading-border\"><div class=\"special-heading-inner-border\"><\/div><\/div><\/div>\n<section  class='av_textblock_section av-3f32pb-ac7946ea71cf7511ace7b6ebbbc3548d '   itemscope=\"itemscope\" itemtype=\"https:\/\/schema.org\/CreativeWork\" ><div class='avia_textblock'  itemprop=\"text\" ><p><strong>INFORMATIVA RESA AI SENSI DEGLI ART. 13-14 DEL GDPR (GENERAL DATA PROTECTION REGULATION) 2016\/679<\/strong><br \/>\n<strong>Titolare del trattamento<\/strong><br \/>\nIn questa pagina vengono descritte le modalit\u00e0 di trattamento dei dati personali degli utenti da parte di Barrea Colle Ciglio in qualit\u00e0 di Titolare del trattamento dei dati. Vengono quindi indicati le tipologie di dati raccolti, le finalit\u00e0 del trattamento e i diritti degli utenti riguardanti la possibilit\u00e0 di visualizzare, aggiornare ed eliminare i propri dati.<\/p>\n<p><strong>Tipologie di dati personali<\/strong><br \/>\nNavigando sul sito di Barrea Colle Ciglio vengono raccolte, automaticamente dai nostri sistemi, alcune informazioni quali l\u2019indirizzo IP dell\u2019utente al momento della navigazione, le informazioni e le pagine richieste, la versione del programma utilizzato per navigare sul web (browser) e del sistema operativo dell\u2019utente. Tali dati vengono conservati dal nostro fornitore che gestisce il sito per ragioni di sicurezza dei sistemi informatici, per verificare che non ci siano accessi non autorizzati e per prevenire attivit\u00e0 sospette o attacchi informatici. L\u2019utilizzo dei dati dell\u2019utente avverr\u00e0 solo nel caso in cui si verifichino potenziali problemi o danni al sistema informatico. Raccogliamo informazioni anche attraverso i \u201ccookies\u201d e \u201cweb analytics\u201d.<\/p>\n<p><strong>Tipologie di dati forniti in caso di richieste<\/strong><br \/>\nQuando l\u2019utente contatta Barrea Colle Ciglio attraverso una email o compilando il form online acconsente al trattamento dei dati personali forniti in accordo con la normativa prevista del Regolamento Europeo 2016\/679. I dati inviati tramite email e\/o form online saranno memorizzati insieme al messaggio. In caso di invii di documenti allegati alle email questi saranno conservati nel rispetto della presente privacy policy. In caso di richiesta telefonica Barrea Colle Ciglio provveder\u00e0 a salvare le informazioni comunicate ma non verr\u00e0 effettuata alcuna registrazione della chiamata. I dati forniti attraverso la posta tradizionale saranno conservati rispettando la normativa in materia di privacy.<\/p>\n<p>Tipologie di dati forniti in caso di interazione con il sito di Barrea Colle Ciglio<br \/>\nPer accedere all\u2019area riservata del sito l\u2019utente dovr\u00e0 registrarsi e quindi inviare alcune informazioni che lo riguardano. Tali informazioni (nome, indirizzo email, ecc.) saranno poi utilizzate per l\u2019accesso all\u2019area riservata.<\/p>\n<p><strong>Informazioni sugli utenti ottenute da terze parti<\/strong><br \/>\nRiceviamo informazioni sulla navigazione degli utenti, tramite i nostri fornitori, attraverso la tecnologia dei cookies e i servizi di web analitycs. Solitamente non riceviamo informazioni sugli utenti da terze parti, ma potrebbe essere necessario ricercare dati relativi all\u2019utente attraverso la consultazione di siti, pubblicazioni o social media quando le informazioni in possesso di Barrea Colle Ciglio non sono sufficienti per poter contattare l\u2018utente o per verificare che i contatti siano corretti.<\/p>\n<p>Finalit\u00e0 del trattamento dei dati I dati personali forniti potranno essere utilizzati per:<\/p>\n<p>Il funzionamento del sito, come ad esempio per identificare l\u2019utente quando effettua l\u2019accesso;<\/p>\n<p>Aggiornare l\u2019utente riguardo modifiche al sito e ai servizi o per notificare problemi o aggiornamenti di sicurezza;<\/p>\n<p>Fornire all\u2019utente le informazioni o il supporto che ci ha richiesto;<\/p>\n<p>Eseguire analisi tecniche sul sito per migliorarne efficienza e qualit\u00e0 dei servizi;<\/p>\n<p>Monitorare le attivit\u00e0 sul sito per identificare potenziali attivit\u00e0 fraudolente e assicurare che le azioni siano in accordo con i termini di utilizzo del sito;<\/p>\n<p>Fornire i servizi amministrativi.<\/p>\n<p>Soggetti a cui comunichiamo i dati dell\u2019utente I dati personali dell\u2019utente non sono forniti a terzi se non per usufruire dei servizi necessari o di supporto all\u2019attivit\u00e0 di Barrea Colle Ciglio. Tra questi servizi ci sono:<\/p>\n<p>Gestore telefonico<\/p>\n<p>Servizi di posta elettronica<\/p>\n<p>Servizi di mailing list<\/p>\n<p>Assistenza informatica<\/p>\n<p>Sviluppo web<\/p>\n<p>Fornitura di hosting<\/p>\n<p>Le informazioni saranno condivise solo se strettamente necessarie. Barrea Colle Ciglio potrebbe essere costretto a condividere per motivi legali informazioni che riguardano l\u2019utente. Questo accade:<\/p>\n<p>Se sospettiamo che un utilizzo fraudolento o un reato sia stato commesso e siamo costretti a contattare le forze dell\u2019ordine;<\/p>\n<p>Se dobbiamo far valere i nostri diritti per violazione dei diritti d\u2019autore, per mancati pagamenti o per inadempimento degli obblighi contrattuali;<\/p>\n<p>Per risolvere controversie con gli utenti o con terze parti;<\/p>\n<p>Per adempiere gli obblighi di legge.<\/p>\n<p><strong>Modalit\u00e0 di conservazione dei dati<\/strong><br \/>\nI dati personali degli utenti vengono conservati al sicuro sui nostri server o su quelli dei nostri fornitori di servizio (hosting) e occasionalmente in copie di sicurezza custodite in luoghi protetti. L\u2019accesso ai dati personali \u00e8 ristretto al solo personale autorizzato e solo per i motivi precedentemente spiegati. Adottiamo misure di accesso autenticato e se possibile utilizziamo tecnologie di trasmissione criptate e tracciate per proteggere i dati degli utenti. I documenti cartacei contenenti dati degli utenti sono conservati in luoghi con accesso ristretto e sono accessibili solo al personale autorizzato al trattamento ai fini della fornitura del servizio.<\/p>\n<p><strong>Durata del trattamento<\/strong><br \/>\nBarrea Colle Ciglio conserver\u00e0 i dati personali degli utenti solo per il tempo necessario a fornire i servizi o per adempiere gli obblighi di legge. In alcuni casi questo periodo \u00e8 indicato chiaramente:<\/p>\n<p>Per le mailing list a cui l\u2019utente si \u00e8 iscritto conserviamo le informazioni fintanto che l\u2019utente resta iscritto o fino a che non decidiamo di sospendere il servizio;<\/p>\n<p>Per le email e la corrispondenza manterremo le informazioni per il tempo necessario a fornire una risposta e per i 6 mesi successivi, dopodich\u00e9 procederemo con la cancellazione.<\/p>\n<p>Nei casi non sia possibile indicare una data chiara, conserviamo le informazioni fino a quando \u00e8 necessario tenendo conto dei seguenti criteri: Lo scopo e l\u2019utilizzo dell\u2019informazione ora e nel futuro;<\/p>\n<p>Gli eventuali obblighi di conservare le registrazioni;<\/p>\n<p>I potenziali rischi nella conservazione dei dati personali;<\/p>\n<p>La difficolt\u00e0 di mantenere i dati aggiornati;<\/p>\n<p>La base legale per conservare i dati (per esempio la manifestazione del consenso);<\/p>\n<p>La natura del rapporto e ogni altra circostanza.<\/p>\n<p><strong>Cosa sono i Cookies e i web analytics<\/strong><br \/>\nI cookies sono piccoli file di testo utilizzati dal browser per memorizzare informazioni sugli utenti a vari scopi. Barrea Colle Ciglio li utilizza allo scopo di migliorare l\u2019esperienza di navigazione degli utenti (per esempio per memorizzare la password di accesso) o per compiere analisi sull\u2019utilizzo. Per saperne di pi\u00f9 pu\u00f2 leggere la nostra Politica sui cookie (www.barreacolleciglio.it). Sul sito vengono utilizzati i Google Analytics per ottenere da Google informazioni sul traffico e sulla navigazione. Google raccoglie alcuni dati degli utenti tra cui IP e cookie per fornire il suo servizio di analisi in forma aggregata e anonima a seguito del servizio impostato. L\u2019utente pu\u00f2 consultare le politiche sulla\u00a0Privacy di Google per quanto riguarda i partner\u00a0per maggiori dettagli, o pu\u00f2 anche decidere di disattivare Google Analytics scaricando il\u00a0Plugin per il browser.<\/p>\n<p><strong>Trattamento dei dati sensibili<\/strong><br \/>\nABV &#038; Partners \u2013\u00a0Studio di Avvocati tratta solo i dati personali degli utenti nei tempi nei modi descritti. I dati sensibili riguardano salute, orientamento religioso, origine etnica, opinioni politiche, iscrizione ai sindacati, dati biometrici e genetici. Tali dati non sono conosciuti da Barrea Colle Ciglio e non vengono raccolti intenzionalmente. Per tale motivo non \u00e8 necessario che l\u2019utente ce li invii. Nel caso l\u2019utente lo faccia, intenzionalmente o per errore, Barrea Colle Ciglio dar\u00e0 per assodato il consenso dell\u2019utente stesso al loro trattamento al solo scopo di cancellarli.<\/p>\n<p><strong>I diritti degli utenti<\/strong><br \/>\nTenendo presenti le dovute limitazioni, ecco l\u2019elenco dei diritti che l\u2019utente pu\u00f2 esercitare inviando una email a\u00a0info@barrreacolleciglio.it:<\/p>\n<p>richiedere l\u2019accesso alle informazioni dell\u2019utente e alle informazioni relative al trattamento dei dati dell\u2019utente;<\/p>\n<p>richiedere la correzione o la cancellazione dei dati;<\/p>\n<p>richiedere la limitazione all\u2019utilizzo dei dati;<\/p>\n<p>richiedere di ricevere i dati forniti in una modalit\u00e0 comunemente usata per la comunicazione tra le macchine (un file CSV per esempio);<\/p>\n<p>negare il consenso al trattamento dei dati per determinati scopi;<\/p>\n<p>ritirare il consenso all\u2019utilizzo dei dati in qualsiasi momento anche se in precedenza l\u2019utente aveva fornito il consenso senza comunque intaccare la precedente autorizzazione di Barrea Colle Ciglio.<\/p>\n<p>Informazioni rese pubbliche o fornite ad altri da parte dell\u2019utente<br \/>\nBarrea Colle Ciglio non \u00e8 responsabile nel caso in cui un utente fornisca informazioni a terzi, per esempio condividendo un link tramite un social network o contattando un altro utente. Prima di condividere informazioni \u00e8 opportuno controllare la politica della privacy dei terzi e come questi gestiscono i dati.<\/p>\n<p><strong>Aggiornamento della policy<\/strong><br \/>\nLa privacy policy di Barrea Colle Ciglio potrebbe nel tempo essere aggiornata a causa dei cambiamenti di legge ai quali bisogna adeguarsi o per informare delle modifiche alle modalit\u00e0 di trattamento effettuate da Barrea Colle Ciglio. Per questo motivo \u00e8 opportuno che l\u2019utente prenda visione di questo documento aggiornato.<\/p>\n<\/div><\/section>\n","protected":false},"excerpt":{"rendered":"","protected":false},"author":1,"featured_media":0,"parent":0,"menu_order":0,"comment_status":"closed","ping_status":"closed","template":"","meta":{"footnotes":""},"class_list":["post-1242","page","type-page","status-publish","hentry"],"yoast_head":"<!-- This site is optimized with the Yoast SEO plugin v24.7 - https:\/\/yoast.com\/wordpress\/plugins\/seo\/ -->\n<title>Privacy Policy - Casone Colleciglio - Parco Nazionale d&#039;Abruzzo<\/title>\n<meta name=\"description\" content=\"A Barrea, una residenza privata ricavata da un\u2019antica masseria del 1800 interamente restaurata nel pieno rispetto degli spazi e dell\u2019atmosfera originaria.\" \/>\n<meta name=\"robots\" content=\"index, follow, max-snippet:-1, max-image-preview:large, max-video-preview:-1\" \/>\n<link rel=\"canonical\" href=\"https:\/\/barreacolleciglio.it\/privacy-policy\/\" \/>\n<meta property=\"og:locale\" content=\"en_US\" \/>\n<meta property=\"og:type\" content=\"article\" \/>\n<meta property=\"og:title\" content=\"Privacy Policy - Casone Colleciglio - Parco Nazionale d&#039;Abruzzo\" \/>\n<meta property=\"og:description\" content=\"A Barrea, una residenza privata ricavata da un\u2019antica masseria del 1800 interamente restaurata nel pieno rispetto degli spazi e dell\u2019atmosfera originaria.\" \/>\n<meta property=\"og:url\" content=\"https:\/\/barreacolleciglio.it\/privacy-policy\/\" \/>\n<meta property=\"og:site_name\" content=\"Casone Colleciglio - Parco Nazionale d&#039;Abruzzo\" \/>\n<meta property=\"article:modified_time\" content=\"2022-01-19T11:59:19+00:00\" \/>\n<meta name=\"twitter:card\" content=\"summary_large_image\" \/>\n<meta name=\"twitter:label1\" content=\"Est. reading time\" \/>\n\t<meta name=\"twitter:data1\" content=\"8 minutes\" \/>\n<script type=\"application\/ld+json\" class=\"yoast-schema-graph\">{\"@context\":\"https:\/\/schema.org\",\"@graph\":[{\"@type\":\"WebPage\",\"@id\":\"https:\/\/barreacolleciglio.it\/privacy-policy\/\",\"url\":\"https:\/\/barreacolleciglio.it\/privacy-policy\/\",\"name\":\"Privacy Policy - Casone Colleciglio - Parco Nazionale d&#039;Abruzzo\",\"isPartOf\":{\"@id\":\"https:\/\/barreacolleciglio.it\/#website\"},\"datePublished\":\"2022-01-19T11:56:17+00:00\",\"dateModified\":\"2022-01-19T11:59:19+00:00\",\"description\":\"A Barrea, una residenza privata ricavata da un\u2019antica masseria del 1800 interamente restaurata nel pieno rispetto degli spazi e dell\u2019atmosfera originaria.\",\"breadcrumb\":{\"@id\":\"https:\/\/barreacolleciglio.it\/privacy-policy\/#breadcrumb\"},\"inLanguage\":\"en-US\",\"potentialAction\":[{\"@type\":\"ReadAction\",\"target\":[\"https:\/\/barreacolleciglio.it\/privacy-policy\/\"]}]},{\"@type\":\"BreadcrumbList\",\"@id\":\"https:\/\/barreacolleciglio.it\/privacy-policy\/#breadcrumb\",\"itemListElement\":[{\"@type\":\"ListItem\",\"position\":1,\"name\":\"Home\",\"item\":\"https:\/\/barreacolleciglio.it\/en\/\"},{\"@type\":\"ListItem\",\"position\":2,\"name\":\"Privacy Policy\"}]},{\"@type\":\"WebSite\",\"@id\":\"https:\/\/barreacolleciglio.it\/#website\",\"url\":\"https:\/\/barreacolleciglio.it\/\",\"name\":\"Casone Colleciglio - Parco Nazionale d&#039;Abruzzo\",\"description\":\"\",\"publisher\":{\"@id\":\"https:\/\/barreacolleciglio.it\/#organization\"},\"potentialAction\":[{\"@type\":\"SearchAction\",\"target\":{\"@type\":\"EntryPoint\",\"urlTemplate\":\"https:\/\/barreacolleciglio.it\/?s={search_term_string}\"},\"query-input\":{\"@type\":\"PropertyValueSpecification\",\"valueRequired\":true,\"valueName\":\"search_term_string\"}}],\"inLanguage\":\"en-US\"},{\"@type\":\"Organization\",\"@id\":\"https:\/\/barreacolleciglio.it\/#organization\",\"name\":\"Barrea Colleciglio\",\"url\":\"https:\/\/barreacolleciglio.it\/\",\"logo\":{\"@type\":\"ImageObject\",\"inLanguage\":\"en-US\",\"@id\":\"https:\/\/barreacolleciglio.it\/#\/schema\/logo\/image\/\",\"url\":\"https:\/\/barreacolleciglio.it\/wp-content\/uploads\/2019\/07\/logo.png\",\"contentUrl\":\"https:\/\/barreacolleciglio.it\/wp-content\/uploads\/2019\/07\/logo.png\",\"width\":300,\"height\":80,\"caption\":\"Barrea Colleciglio\"},\"image\":{\"@id\":\"https:\/\/barreacolleciglio.it\/#\/schema\/logo\/image\/\"}}]}<\/script>\n<!-- \/ Yoast SEO plugin. -->","yoast_head_json":{"title":"Privacy Policy - Casone Colleciglio - Parco Nazionale d&#039;Abruzzo","description":"A Barrea, una residenza privata ricavata da un\u2019antica masseria del 1800 interamente restaurata nel pieno rispetto degli spazi e dell\u2019atmosfera originaria.","robots":{"index":"index","follow":"follow","max-snippet":"max-snippet:-1","max-image-preview":"max-image-preview:large","max-video-preview":"max-video-preview:-1"},"canonical":"https:\/\/barreacolleciglio.it\/privacy-policy\/","og_locale":"en_US","og_type":"article","og_title":"Privacy Policy - Casone Colleciglio - Parco Nazionale d&#039;Abruzzo","og_description":"A Barrea, una residenza privata ricavata da un\u2019antica masseria del 1800 interamente restaurata nel pieno rispetto degli spazi e dell\u2019atmosfera originaria.","og_url":"https:\/\/barreacolleciglio.it\/privacy-policy\/","og_site_name":"Casone Colleciglio - Parco Nazionale d&#039;Abruzzo","article_modified_time":"2022-01-19T11:59:19+00:00","twitter_card":"summary_large_image","twitter_misc":{"Est. reading time":"8 minutes"},"schema":{"@context":"https:\/\/schema.org","@graph":[{"@type":"WebPage","@id":"https:\/\/barreacolleciglio.it\/privacy-policy\/","url":"https:\/\/barreacolleciglio.it\/privacy-policy\/","name":"Privacy Policy - Casone Colleciglio - Parco Nazionale d&#039;Abruzzo","isPartOf":{"@id":"https:\/\/barreacolleciglio.it\/#website"},"datePublished":"2022-01-19T11:56:17+00:00","dateModified":"2022-01-19T11:59:19+00:00","description":"A Barrea, una residenza privata ricavata da un\u2019antica masseria del 1800 interamente restaurata nel pieno rispetto degli spazi e dell\u2019atmosfera originaria.","breadcrumb":{"@id":"https:\/\/barreacolleciglio.it\/privacy-policy\/#breadcrumb"},"inLanguage":"en-US","potentialAction":[{"@type":"ReadAction","target":["https:\/\/barreacolleciglio.it\/privacy-policy\/"]}]},{"@type":"BreadcrumbList","@id":"https:\/\/barreacolleciglio.it\/privacy-policy\/#breadcrumb","itemListElement":[{"@type":"ListItem","position":1,"name":"Home","item":"https:\/\/barreacolleciglio.it\/en\/"},{"@type":"ListItem","position":2,"name":"Privacy Policy"}]},{"@type":"WebSite","@id":"https:\/\/barreacolleciglio.it\/#website","url":"https:\/\/barreacolleciglio.it\/","name":"Casone Colleciglio - Parco Nazionale d&#039;Abruzzo","description":"","publisher":{"@id":"https:\/\/barreacolleciglio.it\/#organization"},"potentialAction":[{"@type":"SearchAction","target":{"@type":"EntryPoint","urlTemplate":"https:\/\/barreacolleciglio.it\/?s={search_term_string}"},"query-input":{"@type":"PropertyValueSpecification","valueRequired":true,"valueName":"search_term_string"}}],"inLanguage":"en-US"},{"@type":"Organization","@id":"https:\/\/barreacolleciglio.it\/#organization","name":"Barrea Colleciglio","url":"https:\/\/barreacolleciglio.it\/","logo":{"@type":"ImageObject","inLanguage":"en-US","@id":"https:\/\/barreacolleciglio.it\/#\/schema\/logo\/image\/","url":"https:\/\/barreacolleciglio.it\/wp-content\/uploads\/2019\/07\/logo.png","contentUrl":"https:\/\/barreacolleciglio.it\/wp-content\/uploads\/2019\/07\/logo.png","width":300,"height":80,"caption":"Barrea Colleciglio"},"image":{"@id":"https:\/\/barreacolleciglio.it\/#\/schema\/logo\/image\/"}}]}},"_links":{"self":[{"href":"https:\/\/barreacolleciglio.it\/en\/wp-json\/wp\/v2\/pages\/1242","targetHints":{"allow":["GET"]}}],"collection":[{"href":"https:\/\/barreacolleciglio.it\/en\/wp-json\/wp\/v2\/pages"}],"about":[{"href":"https:\/\/barreacolleciglio.it\/en\/wp-json\/wp\/v2\/types\/page"}],"author":[{"embeddable":true,"href":"https:\/\/barreacolleciglio.it\/en\/wp-json\/wp\/v2\/users\/1"}],"replies":[{"embeddable":true,"href":"https:\/\/barreacolleciglio.it\/en\/wp-json\/wp\/v2\/comments?post=1242"}],"version-history":[{"count":2,"href":"https:\/\/barreacolleciglio.it\/en\/wp-json\/wp\/v2\/pages\/1242\/revisions"}],"predecessor-version":[{"id":1244,"href":"https:\/\/barreacolleciglio.it\/en\/wp-json\/wp\/v2\/pages\/1242\/revisions\/1244"}],"wp:attachment":[{"href":"https:\/\/barreacolleciglio.it\/en\/wp-json\/wp\/v2\/media?parent=1242"}],"curies":[{"name":"wp","href":"https:\/\/api.w.org\/{rel}","templated":true}]}}